{"id":84,"date":"2025-01-12T13:21:27","date_gmt":"2025-01-12T13:21:27","guid":{"rendered":"https:\/\/valle.denkanross.dev\/?page_id=84"},"modified":"2025-01-14T20:00:59","modified_gmt":"2025-01-14T20:00:59","slug":"impressum","status":"publish","type":"page","link":"https:\/\/valle.denkanross.dev\/index.php\/impressum\/","title":{"rendered":"Legal Notice"},"content":{"rendered":"\n<div class=\"wp-block-group\"><div class=\"wp-block-group__inner-container is-layout-constrained wp-block-group-is-layout-constrained\">\n<h1 class=\"wp-block-heading\"><strong>Legal Notice<\/strong><\/h1>\n\n\n\n<p>Angaben gem\u00e4\u00df \u00a7 5 TMG (Telemediengesetz):<\/p>\n\n\n\n<p><strong>Valentin Dietmar<\/strong><br>Neuer Weg 45<br>60388 Frankfurt am Main<br>Deutschland<\/p>\n\n\n\n<p>Telefon: 015754627015<br>E-Mail: mail@valentindietmar.com<br>Website: <a href=\"http:\/\/www.valentindietmar.com\">www.valentindietmar.com<\/a><\/p>\n\n\n\n<p><strong>Haftungsausschluss (Disclaimer):<\/strong><br>Die Inhalte dieser Website wurden mit gr\u00f6\u00dftm\u00f6glicher Sorgfalt erstellt. F\u00fcr die Richtigkeit, Vollst\u00e4ndigkeit und Aktualit\u00e4t der Inhalte kann jedoch keine Gew\u00e4hr \u00fcbernommen werden. Als Diensteanbieter sind wir gem\u00e4\u00df \u00a7 7 Abs. 1 TMG f\u00fcr eigene Inhalte auf dieser Website nach den allgemeinen Gesetzen verantwortlich. Nach \u00a7\u00a7 8 bis 10 TMG sind wir jedoch nicht verpflichtet, \u00fcbermittelte oder gespeicherte fremde Informationen zu \u00fcberwachen oder nach Umst\u00e4nden zu forschen, die auf eine rechtswidrige T\u00e4tigkeit hinweisen.<\/p>\n\n\n\n<p><strong>Haftung f\u00fcr Links:<\/strong><br>Unsere Website enth\u00e4lt Links zu externen Websites Dritter, auf deren Inhalte wir keinen Einfluss haben. Daher k\u00f6nnen wir f\u00fcr diese fremden Inhalte auch keine Gew\u00e4hr \u00fcbernehmen. F\u00fcr die Inhalte der verlinkten Seiten ist stets der jeweilige Anbieter oder Betreiber der Seiten verantwortlich. Die verlinkten Seiten wurden zum Zeitpunkt der Verlinkung auf m\u00f6gliche Rechtsverst\u00f6\u00dfe \u00fcberpr\u00fcft. Rechtswidrige Inhalte waren zum Zeitpunkt der Verlinkung nicht erkennbar.<\/p>\n\n\n\n<p><strong>Urheberrecht:<\/strong><br>Die durch den Betreiber dieser Website erstellten Inhalte und Werke auf dieser Website unterliegen dem deutschen Urheberrecht. Beitr\u00e4ge Dritter sind als solche gekennzeichnet. Die Vervielf\u00e4ltigung, Bearbeitung, Verbreitung und jede Art der Verwertung au\u00dferhalb der Grenzen des Urheberrechtes bed\u00fcrfen der schriftlichen Zustimmung des jeweiligen Autors bzw. Erstellers.<\/p>\n<\/div><\/div>\n","protected":false},"excerpt":{"rendered":"<p>Legal Notice Angaben gem\u00e4\u00df \u00a7 5 TMG (Telemediengesetz): Valentin DietmarNeuer Weg 4560388 Frankfurt am MainDeutschland Telefon: 015754627015E-Mail: mail@valentindietmar.comWebsite: www.valentindietmar.com Haftungsausschluss (Disclaimer):Die Inhalte dieser Website wurden mit gr\u00f6\u00dftm\u00f6glicher Sorgfalt erstellt. F\u00fcr die Richtigkeit, Vollst\u00e4ndigkeit und Aktualit\u00e4t der Inhalte kann jedoch keine Gew\u00e4hr \u00fcbernommen werden. Als Diensteanbieter sind wir gem\u00e4\u00df \u00a7 7 Abs. 1 TMG f\u00fcr eigene [&hellip;]<\/p>\n","protected":false},"author":1,"featured_media":0,"parent":0,"menu_order":0,"comment_status":"closed","ping_status":"closed","template":"","meta":{"_acf_changed":false,"footnotes":""},"class_list":["post-84","page","type-page","status-publish","hentry"],"acf":[],"_links":{"self":[{"href":"https:\/\/valle.denkanross.dev\/index.php\/wp-json\/wp\/v2\/pages\/84","targetHints":{"allow":["GET"]}}],"collection":[{"href":"https:\/\/valle.denkanross.dev\/index.php\/wp-json\/wp\/v2\/pages"}],"about":[{"href":"https:\/\/valle.denkanross.dev\/index.php\/wp-json\/wp\/v2\/types\/page"}],"author":[{"embeddable":true,"href":"https:\/\/valle.denkanross.dev\/index.php\/wp-json\/wp\/v2\/users\/1"}],"replies":[{"embeddable":true,"href":"https:\/\/valle.denkanross.dev\/index.php\/wp-json\/wp\/v2\/comments?post=84"}],"version-history":[{"count":7,"href":"https:\/\/valle.denkanross.dev\/index.php\/wp-json\/wp\/v2\/pages\/84\/revisions"}],"predecessor-version":[{"id":182,"href":"https:\/\/valle.denkanross.dev\/index.php\/wp-json\/wp\/v2\/pages\/84\/revisions\/182"}],"wp:attachment":[{"href":"https:\/\/valle.denkanross.dev\/index.php\/wp-json\/wp\/v2\/media?parent=84"}],"curies":[{"name":"wp","href":"https:\/\/api.w.org\/{rel}","templated":true}]}}